{"id":6223,"date":"2020-12-08T12:11:54","date_gmt":"2020-12-08T11:11:54","guid":{"rendered":"http:\/\/pos-live.mbretsch.de\/?page_id=6223"},"modified":"2024-10-09T08:23:06","modified_gmt":"2024-10-09T06:23:06","slug":"impressum","status":"publish","type":"page","link":"https:\/\/pos-live.com\/de\/impressum\/","title":{"rendered":"Impressum"},"content":{"rendered":"[vc_row type=&#8220;full_width_background&#8220; full_screen_row_position=&#8220;middle&#8220; column_margin=&#8220;default&#8220; column_direction=&#8220;default&#8220; column_direction_tablet=&#8220;default&#8220; column_direction_phone=&#8220;default&#8220; bg_color=&#8220;#ffffff&#8220; scene_position=&#8220;center&#8220; top_padding=&#8220;5%&#8220; bottom_padding=&#8220;5%&#8220; text_color=&#8220;custom&#8220; custom_text_color=&#8220;#000000&#8243; text_align=&#8220;left&#8220; row_border_radius=&#8220;none&#8220; row_border_radius_applies=&#8220;bg&#8220; overlay_strength=&#8220;0.3&#8243; gradient_direction=&#8220;left_to_right&#8220; shape_divider_position=&#8220;bottom&#8220; bg_image_animation=&#8220;none&#8220; shape_type=&#8220;&#8220;][vc_column column_padding=&#8220;no-extra-padding&#8220; column_padding_tablet=&#8220;inherit&#8220; column_padding_phone=&#8220;inherit&#8220; column_padding_position=&#8220;all&#8220; background_color_opacity=&#8220;1&#8243; background_hover_color_opacity=&#8220;1&#8243; column_shadow=&#8220;none&#8220; column_border_radius=&#8220;none&#8220; column_link_target=&#8220;_self&#8220; gradient_direction=&#8220;left_to_right&#8220; overlay_strength=&#8220;0.3&#8243; width=&#8220;1\/1&#8243; tablet_width_inherit=&#8220;default&#8220; tablet_text_alignment=&#8220;default&#8220; phone_text_alignment=&#8220;default&#8220; column_border_width=&#8220;none&#8220; column_border_style=&#8220;solid&#8220; bg_image_animation=&#8220;none&#8220;][vc_column_text]\n<div class=\"row \">\n<div class=\"span6 \">\n<h3>Impressum<\/h3>\n<p>Die FLZR GmbH ist eine Kapitalgesellschaft deutschen Rechts. Der Hauptsitz ist in Berlin. F\u00fcr den Inhalt dieser Webseite haftet die Gesellschaft. Die FLZR GmbH geh\u00f6rt zur Mutter-Gesellschaft 1SP Agency.<\/p>\n<\/div>\n<\/div>\n[\/vc_column_text][divider line_type=&#8220;No Line&#8220; custom_height=&#8220;50&#8243;][\/vc_column][vc_column column_padding=&#8220;no-extra-padding&#8220; column_padding_tablet=&#8220;inherit&#8220; column_padding_phone=&#8220;inherit&#8220; column_padding_position=&#8220;all&#8220; background_color_opacity=&#8220;1&#8243; background_hover_color_opacity=&#8220;1&#8243; column_shadow=&#8220;none&#8220; column_border_radius=&#8220;none&#8220; column_link_target=&#8220;_self&#8220; gradient_direction=&#8220;left_to_right&#8220; overlay_strength=&#8220;0.3&#8243; width=&#8220;1\/2&#8243; tablet_width_inherit=&#8220;default&#8220; tablet_text_alignment=&#8220;default&#8220; phone_text_alignment=&#8220;default&#8220; column_border_width=&#8220;none&#8220; column_border_style=&#8220;solid&#8220; bg_image_animation=&#8220;none&#8220;][vc_column_text]\n<div class=\"row \">\n<div class=\"span6 \">\n<h5>Verantwortlich:<\/h5>\n<p>1SP Agency Holding GmbH<br \/>\nHamburger Stra\u00dfe 11<br \/>\n22083 Hamburg<\/p>\n<p>Telefon: +49 (451) 160 83 500<br \/>\nFax: +49 (451) 30 50 988<br \/>\nE-Mail: <a title=\"mailto:kontakt@profiflitzer.de\" href=\"mailto:contact@flzr.com\" data-toggle=\"tooltip\">contact@flzr.com<\/a><\/p>\n<p>Gesch\u00e4ftsf\u00fchrer: Markus Ernst Oeller, Torsten Oppermann<br \/>\nDatenschutz: <a title=\"mailto:kontakt@profiflitzer.de\" href=\"mailto:contact@flzr.com\" data-toggle=\"tooltip\">contact@flzr.com<\/a>\u00a0(z.Hd. Datenschutzbeauftragter)<\/p>\n<p>Eintragung im Handelsregister: Amtsgericht Hamburg<br \/>\nRegisternummer: HRB 171834<br \/>\nVAT No.: DE 350713064<\/p>\n<p>&nbsp;<\/p>\n<h5>Name und Sitz:<\/h5>\n<p>FLZR GmbH<br \/>\nStreustra\u00dfe 67-68<br \/>\n13086 Berlin<\/p>\n<\/div>\n<\/div>\n<div class=\"row \">\n<div class=\"span6 \">\n<p>&nbsp;<\/p>\n<h5>Gesetzliche Vertretungsberechtigte:<\/h5>\n<p>Mario Thom, Bastian M\u00fcller, Ron Draudt, Markus Oeller<\/p>\n<p>&nbsp;<\/p>\n<h5><strong>Kontakt:<\/strong><\/h5>\n<p>E-Mail: contact@pos-live.com<br \/>\nTelefax: +49 (0)30 509 307-599<\/p>\n<p>&nbsp;<\/p>\n<\/div>\n<h5>Zust\u00e4ndige Aufsichtsbeh\u00f6rde:<\/h5>\n<p>Finanzamt Berlin Charlottenburg<br \/>\nBismarckstra\u00dfe 48<br \/>\n10627 Berlin<\/p>\n<\/div>\n<div class=\"row \">\n<h5 class=\"span6 \">Handelsregistereintragung:<\/h5>\n<p class=\"span6 \">Amtsgericht Berlin Charlottenburg Handelsregisternummer: HRB: 101794<\/p>\n<\/div>\n<div class=\"row \">\n<h5>Bankverbindung:<\/h5>\n<p>Commerzbank AG<br \/>\nIBAN: DE83 12080000 4041373200<br \/>\nBIC: DRESDEFF120<\/p>\n<\/div>\n[\/vc_column_text][\/vc_column][vc_column column_padding=&#8220;no-extra-padding&#8220; column_padding_tablet=&#8220;inherit&#8220; column_padding_phone=&#8220;inherit&#8220; column_padding_position=&#8220;all&#8220; background_color_opacity=&#8220;1&#8243; background_hover_color_opacity=&#8220;1&#8243; column_shadow=&#8220;none&#8220; column_border_radius=&#8220;none&#8220; column_link_target=&#8220;_self&#8220; gradient_direction=&#8220;left_to_right&#8220; overlay_strength=&#8220;0.3&#8243; width=&#8220;1\/2&#8243; tablet_width_inherit=&#8220;default&#8220; tablet_text_alignment=&#8220;default&#8220; phone_text_alignment=&#8220;default&#8220; column_border_width=&#8220;none&#8220; column_border_style=&#8220;solid&#8220; bg_image_animation=&#8220;none&#8220;][vc_column_text]\n<div class=\"row \">\n<h5>Umsatzsteuer-Identifikationsnummer:<\/h5>\n<p>DE-248 399 686 (gem\u00e4\u00df Artikel 22 (1) der Sechsten Richtlinie 77\/388\/EWG vom 17. Mai 1977 zur Harmonisierung der Rechtsvorschriften der Mitgliedstaaten der Europ\u00e4ischen Gemeinschaft \u00fcber die Umsatzsteuer)<\/p>\n<\/div>\n<div class=\"span6 \">\n<h5>Realisierung:<\/h5>\n<p>Konzeption und Layout: <a href=\"http:\/\/www.michel-kraeft.com\">Michel Kr\u00e4ft Communication Design<\/a><br \/>\nTechnische Realisierung und Betreuung: <a href=\"http:\/\/www.mbretsch.de\">Mike Bretschneider IT Dienstleistungen<\/a><\/p>\n<\/div>\n<div class=\"row \">\n<div class=\"span10 \">\n<p>\u00a9 2020 FLZR GmbH. Alle Rechte vorbehalten. FLZR, PhotoM@nitoring und mms2Server sind eingetragene Markenzeichen in Bild und Wort. Alle Bilddaten sind urheberrechtlich gesch\u00fctzt und d\u00fcrfen nur mit schriftliche Genehmigung verwendet werden. Dieses Impressum gilt auch f\u00fcr die Facebookseite www.facebook.com\/flzr.<\/p>\n<p>&nbsp;<\/p>\n<div class=\"su-expand su-expand-link-style-default\" data-height=\"0\">\n<p class=\"su-expand-content\">\u00a9 PRofiFLITZER GmbH<br \/>\n\u00a9 TP Vision Europe B.V. \u2013 Niederlassung Deutschland<br \/>\n\u00a9 glaskoch B. Koch jr. GmbH + Co. KG<br \/>\n\u00a9 Olympus Deutschland GmbH<br \/>\n\u00a9 Parrot Deutschland GmbH<br \/>\n\u00a9 123RF.com<br \/>\n\u00a9 billionphotos.com<\/p>\n<\/div>\n<\/div>\n<p>\u00a9 \u201eChase\u201c, \u201eFr\u00fchlingsmusik\u201c, \u201eHorizon Teaser\u201c, \u201eJourney\u201c, \u201eWater Song\u201c by <a href=\"https:\/\/ronaldkah.de\">Ronald Kah<\/a><\/p>\n<\/div>\n[\/vc_column_text][\/vc_column][\/vc_row]\n","protected":false},"excerpt":{"rendered":"<p>[vc_row type=&#8220;full_width_background&#8220; full_screen_row_position=&#8220;middle&#8220; column_margin=&#8220;default&#8220; column_direction=&#8220;default&#8220; column_direction_tablet=&#8220;default&#8220; column_direction_phone=&#8220;default&#8220; bg_color=&#8220;#ffffff&#8220; scene_position=&#8220;center&#8220; top_padding=&#8220;5%&#8220;&#8230;<\/p>\n","protected":false},"author":5,"featured_media":0,"parent":0,"menu_order":0,"comment_status":"closed","ping_status":"closed","template":"","meta":{"inline_featured_image":false,"footnotes":""},"class_list":["post-6223","page","type-page","status-publish"],"_links":{"self":[{"href":"https:\/\/pos-live.com\/de\/wp-json\/wp\/v2\/pages\/6223","targetHints":{"allow":["GET"]}}],"collection":[{"href":"https:\/\/pos-live.com\/de\/wp-json\/wp\/v2\/pages"}],"about":[{"href":"https:\/\/pos-live.com\/de\/wp-json\/wp\/v2\/types\/page"}],"author":[{"embeddable":true,"href":"https:\/\/pos-live.com\/de\/wp-json\/wp\/v2\/users\/5"}],"replies":[{"embeddable":true,"href":"https:\/\/pos-live.com\/de\/wp-json\/wp\/v2\/comments?post=6223"}],"version-history":[{"count":16,"href":"https:\/\/pos-live.com\/de\/wp-json\/wp\/v2\/pages\/6223\/revisions"}],"predecessor-version":[{"id":7841,"href":"https:\/\/pos-live.com\/de\/wp-json\/wp\/v2\/pages\/6223\/revisions\/7841"}],"wp:attachment":[{"href":"https:\/\/pos-live.com\/de\/wp-json\/wp\/v2\/media?parent=6223"}],"curies":[{"name":"wp","href":"https:\/\/api.w.org\/{rel}","templated":true}]}}